{"id":9994,"date":"2025-10-06T17:53:18","date_gmt":"2025-10-06T14:53:18","guid":{"rendered":"https:\/\/eskamanyedek.com.tr\/urunler\/product\/2252794-kas-lambasi-scania-l-p-g-r-s\/"},"modified":"2025-10-06T17:53:18","modified_gmt":"2025-10-06T14:53:18","slug":"2252794-kas-lambasi-scania-l-p-g-r-s","status":"publish","type":"product","link":"https:\/\/eskamanyedek.com.tr\/urunler\/product\/2252794-kas-lambasi-scania-l-p-g-r-s\/","title":{"rendered":"2252794 Ka\u015f Lambas\u0131 SCANIA L-P-G-R-S"},"content":{"rendered":"<p>Oem No:<strong> 2252794 <\/strong><\/p>\n<p>   Marka\/Model:<strong>  SCANIA L-P-G-R-S <\/strong><\/p>\n<p>   \u00dcr\u00fcn A\u00e7\u0131klamas\u0131:<strong> Ka\u015f Lambas\u0131 <\/strong><\/p>\n","protected":false},"excerpt":{"rendered":"<p>Oem No:<strong> 2252794 <\/strong><\/p>\n<p>   Marka\/Model:<strong>  SCANIA L-P-G-R-S <\/strong><\/p>\n<p>   \u00dcr\u00fcn A\u00e7\u0131klamas\u0131:<strong> Ka\u015f Lambas\u0131 <\/strong><\/p>\n","protected":false},"featured_media":2832,"comment_status":"closed","ping_status":"closed","template":"","meta":[],"product_brand":[],"product_cat":[58],"product_tag":[],"class_list":{"0":"post-9994","1":"product","2":"type-product","3":"status-publish","4":"has-post-thumbnail","6":"product_cat-scania","8":"first","9":"instock","10":"featured","11":"shipping-taxable","12":"product-type-simple"},"_links":{"self":[{"href":"https:\/\/eskamanyedek.com.tr\/urunler\/wp-json\/wp\/v2\/product\/9994","targetHints":{"allow":["GET"]}}],"collection":[{"href":"https:\/\/eskamanyedek.com.tr\/urunler\/wp-json\/wp\/v2\/product"}],"about":[{"href":"https:\/\/eskamanyedek.com.tr\/urunler\/wp-json\/wp\/v2\/types\/product"}],"replies":[{"embeddable":true,"href":"https:\/\/eskamanyedek.com.tr\/urunler\/wp-json\/wp\/v2\/comments?post=9994"}],"wp:featuredmedia":[{"embeddable":true,"href":"https:\/\/eskamanyedek.com.tr\/urunler\/wp-json\/wp\/v2\/media\/2832"}],"wp:attachment":[{"href":"https:\/\/eskamanyedek.com.tr\/urunler\/wp-json\/wp\/v2\/media?parent=9994"}],"wp:term":[{"taxonomy":"product_brand","embeddable":true,"href":"https:\/\/eskamanyedek.com.tr\/urunler\/wp-json\/wp\/v2\/product_brand?post=9994"},{"taxonomy":"product_cat","embeddable":true,"href":"https:\/\/eskamanyedek.com.tr\/urunler\/wp-json\/wp\/v2\/product_cat?post=9994"},{"taxonomy":"product_tag","embeddable":true,"href":"https:\/\/eskamanyedek.com.tr\/urunler\/wp-json\/wp\/v2\/product_tag?post=9994"}],"curies":[{"name":"wp","href":"https:\/\/api.w.org\/{rel}","templated":true}]}}