{"id":9585,"date":"2025-10-06T17:30:37","date_gmt":"2025-10-06T14:30:37","guid":{"rendered":"https:\/\/eskamanyedek.com.tr\/urunler\/product\/1346200-kabin-lifti-daf-95xf-2\/"},"modified":"2025-10-06T17:30:37","modified_gmt":"2025-10-06T14:30:37","slug":"1346200-kabin-lifti-daf-95xf-2","status":"publish","type":"product","link":"https:\/\/eskamanyedek.com.tr\/urunler\/product\/1346200-kabin-lifti-daf-95xf-2\/","title":{"rendered":"1346200 Kabin Lifti DAF 95XF"},"content":{"rendered":"<p>Oem No:<strong> 1346200 <\/strong><\/p>\n<p>   Marka\/Model:<strong>  DAF 95XF <\/strong><\/p>\n<p>   \u00dcr\u00fcn A\u00e7\u0131klamas\u0131:<strong> Kabin Lifti <\/strong><\/p>\n","protected":false},"excerpt":{"rendered":"<p>Oem No:<strong> 1346200 <\/strong><\/p>\n<p>   Marka\/Model:<strong>  DAF 95XF <\/strong><\/p>\n<p>   \u00dcr\u00fcn A\u00e7\u0131klamas\u0131:<strong> Kabin Lifti <\/strong><\/p>\n","protected":false},"featured_media":2832,"comment_status":"closed","ping_status":"closed","template":"","meta":[],"product_brand":[],"product_cat":[57],"product_tag":[],"class_list":{"0":"post-9585","1":"product","2":"type-product","3":"status-publish","4":"has-post-thumbnail","6":"product_cat-daf","8":"first","9":"instock","10":"featured","11":"shipping-taxable","12":"product-type-simple"},"_links":{"self":[{"href":"https:\/\/eskamanyedek.com.tr\/urunler\/wp-json\/wp\/v2\/product\/9585","targetHints":{"allow":["GET"]}}],"collection":[{"href":"https:\/\/eskamanyedek.com.tr\/urunler\/wp-json\/wp\/v2\/product"}],"about":[{"href":"https:\/\/eskamanyedek.com.tr\/urunler\/wp-json\/wp\/v2\/types\/product"}],"replies":[{"embeddable":true,"href":"https:\/\/eskamanyedek.com.tr\/urunler\/wp-json\/wp\/v2\/comments?post=9585"}],"wp:featuredmedia":[{"embeddable":true,"href":"https:\/\/eskamanyedek.com.tr\/urunler\/wp-json\/wp\/v2\/media\/2832"}],"wp:attachment":[{"href":"https:\/\/eskamanyedek.com.tr\/urunler\/wp-json\/wp\/v2\/media?parent=9585"}],"wp:term":[{"taxonomy":"product_brand","embeddable":true,"href":"https:\/\/eskamanyedek.com.tr\/urunler\/wp-json\/wp\/v2\/product_brand?post=9585"},{"taxonomy":"product_cat","embeddable":true,"href":"https:\/\/eskamanyedek.com.tr\/urunler\/wp-json\/wp\/v2\/product_cat?post=9585"},{"taxonomy":"product_tag","embeddable":true,"href":"https:\/\/eskamanyedek.com.tr\/urunler\/wp-json\/wp\/v2\/product_tag?post=9585"}],"curies":[{"name":"wp","href":"https:\/\/api.w.org\/{rel}","templated":true}]}}