{"id":9370,"date":"2025-10-06T17:29:10","date_gmt":"2025-10-06T14:29:10","guid":{"rendered":"https:\/\/eskamanyedek.com.tr\/urunler\/product\/2128431-kartel-havalandirma-modulu-daf\/"},"modified":"2025-10-06T17:29:12","modified_gmt":"2025-10-06T14:29:12","slug":"2128431-kartel-havalandirma-modulu-daf","status":"publish","type":"product","link":"https:\/\/eskamanyedek.com.tr\/urunler\/product\/2128431-kartel-havalandirma-modulu-daf\/","title":{"rendered":"2128431 Kartel Havaland\u0131rma Mod\u00fcl\u00fc DAF"},"content":{"rendered":"<p>Oem No:<strong> 2128431 <\/strong><\/p>\n<p>   Marka\/Model:<strong>  DAF  <\/strong><\/p>\n<p>   \u00dcr\u00fcn A\u00e7\u0131klamas\u0131:<strong> Kartel Havaland\u0131rma Mod\u00fcl\u00fc <\/strong><\/p>\n","protected":false},"excerpt":{"rendered":"<p>Oem No:<strong> 2128431 <\/strong><\/p>\n<p>   Marka\/Model:<strong>  DAF  <\/strong><\/p>\n<p>   \u00dcr\u00fcn A\u00e7\u0131klamas\u0131:<strong> Kartel Havaland\u0131rma Mod\u00fcl\u00fc <\/strong><\/p>\n","protected":false},"featured_media":2832,"comment_status":"closed","ping_status":"closed","template":"","meta":[],"product_brand":[],"product_cat":[57],"product_tag":[],"class_list":{"0":"post-9370","1":"product","2":"type-product","3":"status-publish","4":"has-post-thumbnail","6":"product_cat-daf","8":"first","9":"instock","10":"featured","11":"shipping-taxable","12":"product-type-simple"},"_links":{"self":[{"href":"https:\/\/eskamanyedek.com.tr\/urunler\/wp-json\/wp\/v2\/product\/9370","targetHints":{"allow":["GET"]}}],"collection":[{"href":"https:\/\/eskamanyedek.com.tr\/urunler\/wp-json\/wp\/v2\/product"}],"about":[{"href":"https:\/\/eskamanyedek.com.tr\/urunler\/wp-json\/wp\/v2\/types\/product"}],"replies":[{"embeddable":true,"href":"https:\/\/eskamanyedek.com.tr\/urunler\/wp-json\/wp\/v2\/comments?post=9370"}],"wp:featuredmedia":[{"embeddable":true,"href":"https:\/\/eskamanyedek.com.tr\/urunler\/wp-json\/wp\/v2\/media\/2832"}],"wp:attachment":[{"href":"https:\/\/eskamanyedek.com.tr\/urunler\/wp-json\/wp\/v2\/media?parent=9370"}],"wp:term":[{"taxonomy":"product_brand","embeddable":true,"href":"https:\/\/eskamanyedek.com.tr\/urunler\/wp-json\/wp\/v2\/product_brand?post=9370"},{"taxonomy":"product_cat","embeddable":true,"href":"https:\/\/eskamanyedek.com.tr\/urunler\/wp-json\/wp\/v2\/product_cat?post=9370"},{"taxonomy":"product_tag","embeddable":true,"href":"https:\/\/eskamanyedek.com.tr\/urunler\/wp-json\/wp\/v2\/product_tag?post=9370"}],"curies":[{"name":"wp","href":"https:\/\/api.w.org\/{rel}","templated":true}]}}