{"id":8108,"date":"2025-10-06T17:20:15","date_gmt":"2025-10-06T14:20:15","guid":{"rendered":"https:\/\/eskamanyedek.com.tr\/urunler\/product\/51042006022-piyano-tusu-man\/"},"modified":"2025-10-06T17:20:15","modified_gmt":"2025-10-06T14:20:15","slug":"51042006022-piyano-tusu-man","status":"publish","type":"product","link":"https:\/\/eskamanyedek.com.tr\/urunler\/product\/51042006022-piyano-tusu-man\/","title":{"rendered":"51042006022 Piyano Tu\u015fu MAN"},"content":{"rendered":"<p>Oem No:<strong> 51042006022 <\/strong><\/p>\n<p>   Marka\/Model:<strong>  MAN  <\/strong><\/p>\n<p>   \u00dcr\u00fcn A\u00e7\u0131klamas\u0131:<strong> Piyano Tu\u015fu <\/strong><\/p>\n","protected":false},"excerpt":{"rendered":"<p>Oem No:<strong> 51042006022 <\/strong><\/p>\n<p>   Marka\/Model:<strong>  MAN  <\/strong><\/p>\n<p>   \u00dcr\u00fcn A\u00e7\u0131klamas\u0131:<strong> Piyano Tu\u015fu <\/strong><\/p>\n","protected":false},"featured_media":2832,"comment_status":"closed","ping_status":"closed","template":"","meta":[],"product_brand":[],"product_cat":[56],"product_tag":[],"class_list":{"0":"post-8108","1":"product","2":"type-product","3":"status-publish","4":"has-post-thumbnail","6":"product_cat-man","8":"first","9":"instock","10":"featured","11":"shipping-taxable","12":"product-type-simple"},"_links":{"self":[{"href":"https:\/\/eskamanyedek.com.tr\/urunler\/wp-json\/wp\/v2\/product\/8108","targetHints":{"allow":["GET"]}}],"collection":[{"href":"https:\/\/eskamanyedek.com.tr\/urunler\/wp-json\/wp\/v2\/product"}],"about":[{"href":"https:\/\/eskamanyedek.com.tr\/urunler\/wp-json\/wp\/v2\/types\/product"}],"replies":[{"embeddable":true,"href":"https:\/\/eskamanyedek.com.tr\/urunler\/wp-json\/wp\/v2\/comments?post=8108"}],"wp:featuredmedia":[{"embeddable":true,"href":"https:\/\/eskamanyedek.com.tr\/urunler\/wp-json\/wp\/v2\/media\/2832"}],"wp:attachment":[{"href":"https:\/\/eskamanyedek.com.tr\/urunler\/wp-json\/wp\/v2\/media?parent=8108"}],"wp:term":[{"taxonomy":"product_brand","embeddable":true,"href":"https:\/\/eskamanyedek.com.tr\/urunler\/wp-json\/wp\/v2\/product_brand?post=8108"},{"taxonomy":"product_cat","embeddable":true,"href":"https:\/\/eskamanyedek.com.tr\/urunler\/wp-json\/wp\/v2\/product_cat?post=8108"},{"taxonomy":"product_tag","embeddable":true,"href":"https:\/\/eskamanyedek.com.tr\/urunler\/wp-json\/wp\/v2\/product_tag?post=8108"}],"curies":[{"name":"wp","href":"https:\/\/api.w.org\/{rel}","templated":true}]}}