{"id":7649,"date":"2025-10-06T17:18:19","date_gmt":"2025-10-06T14:18:19","guid":{"rendered":"https:\/\/eskamanyedek.com.tr\/urunler\/product\/81779100027-kabin-filtresi-man-lions\/"},"modified":"2025-10-06T17:18:20","modified_gmt":"2025-10-06T14:18:20","slug":"81779100027-kabin-filtresi-man-lions","status":"publish","type":"product","link":"https:\/\/eskamanyedek.com.tr\/urunler\/product\/81779100027-kabin-filtresi-man-lions\/","title":{"rendered":"81779100027 Kabin Filtresi MAN Lion&#8217;s"},"content":{"rendered":"<p>Oem No:<strong> 81779100027 <\/strong><\/p>\n<p>   Marka\/Model:<strong>  MAN Lion&#8217;s <\/strong><\/p>\n<p>   \u00dcr\u00fcn A\u00e7\u0131klamas\u0131:<strong> Kabin Filtresi <\/strong><\/p>\n","protected":false},"excerpt":{"rendered":"<p>Oem No:<strong> 81779100027 <\/strong><\/p>\n<p>   Marka\/Model:<strong>  MAN Lion&#8217;s <\/strong><\/p>\n<p>   \u00dcr\u00fcn A\u00e7\u0131klamas\u0131:<strong> Kabin Filtresi <\/strong><\/p>\n","protected":false},"featured_media":2832,"comment_status":"closed","ping_status":"closed","template":"","meta":[],"product_brand":[],"product_cat":[56],"product_tag":[],"class_list":{"0":"post-7649","1":"product","2":"type-product","3":"status-publish","4":"has-post-thumbnail","6":"product_cat-man","8":"first","9":"instock","10":"featured","11":"shipping-taxable","12":"product-type-simple"},"_links":{"self":[{"href":"https:\/\/eskamanyedek.com.tr\/urunler\/wp-json\/wp\/v2\/product\/7649","targetHints":{"allow":["GET"]}}],"collection":[{"href":"https:\/\/eskamanyedek.com.tr\/urunler\/wp-json\/wp\/v2\/product"}],"about":[{"href":"https:\/\/eskamanyedek.com.tr\/urunler\/wp-json\/wp\/v2\/types\/product"}],"replies":[{"embeddable":true,"href":"https:\/\/eskamanyedek.com.tr\/urunler\/wp-json\/wp\/v2\/comments?post=7649"}],"wp:featuredmedia":[{"embeddable":true,"href":"https:\/\/eskamanyedek.com.tr\/urunler\/wp-json\/wp\/v2\/media\/2832"}],"wp:attachment":[{"href":"https:\/\/eskamanyedek.com.tr\/urunler\/wp-json\/wp\/v2\/media?parent=7649"}],"wp:term":[{"taxonomy":"product_brand","embeddable":true,"href":"https:\/\/eskamanyedek.com.tr\/urunler\/wp-json\/wp\/v2\/product_brand?post=7649"},{"taxonomy":"product_cat","embeddable":true,"href":"https:\/\/eskamanyedek.com.tr\/urunler\/wp-json\/wp\/v2\/product_cat?post=7649"},{"taxonomy":"product_tag","embeddable":true,"href":"https:\/\/eskamanyedek.com.tr\/urunler\/wp-json\/wp\/v2\/product_tag?post=7649"}],"curies":[{"name":"wp","href":"https:\/\/api.w.org\/{rel}","templated":true}]}}