{"id":7103,"date":"2025-10-06T17:15:47","date_gmt":"2025-10-06T14:15:47","guid":{"rendered":"https:\/\/eskamanyedek.com.tr\/urunler\/product\/81252256583-stop-man-tgx-tgs-tgl-tgm-daf\/"},"modified":"2025-10-06T17:15:48","modified_gmt":"2025-10-06T14:15:48","slug":"81252256583-stop-man-tgx-tgs-tgl-tgm-daf","status":"publish","type":"product","link":"https:\/\/eskamanyedek.com.tr\/urunler\/product\/81252256583-stop-man-tgx-tgs-tgl-tgm-daf\/","title":{"rendered":"81252256583 Stop MAN Tgx-Tgs-Tgl-Tgm-Daf"},"content":{"rendered":"<p>Oem No:<strong> 81252256583 <\/strong><\/p>\n<p>   Marka\/Model:<strong>  MAN Tgx-Tgs-Tgl-Tgm-Daf <\/strong><\/p>\n<p>   \u00dcr\u00fcn A\u00e7\u0131klamas\u0131:<strong> Stop <\/strong><\/p>\n","protected":false},"excerpt":{"rendered":"<p>Oem No:<strong> 81252256583 <\/strong><\/p>\n<p>   Marka\/Model:<strong>  MAN Tgx-Tgs-Tgl-Tgm-Daf <\/strong><\/p>\n<p>   \u00dcr\u00fcn A\u00e7\u0131klamas\u0131:<strong> Stop <\/strong><\/p>\n","protected":false},"featured_media":2832,"comment_status":"closed","ping_status":"closed","template":"","meta":[],"product_brand":[],"product_cat":[56],"product_tag":[],"class_list":{"0":"post-7103","1":"product","2":"type-product","3":"status-publish","4":"has-post-thumbnail","6":"product_cat-man","8":"first","9":"instock","10":"featured","11":"shipping-taxable","12":"product-type-simple"},"_links":{"self":[{"href":"https:\/\/eskamanyedek.com.tr\/urunler\/wp-json\/wp\/v2\/product\/7103","targetHints":{"allow":["GET"]}}],"collection":[{"href":"https:\/\/eskamanyedek.com.tr\/urunler\/wp-json\/wp\/v2\/product"}],"about":[{"href":"https:\/\/eskamanyedek.com.tr\/urunler\/wp-json\/wp\/v2\/types\/product"}],"replies":[{"embeddable":true,"href":"https:\/\/eskamanyedek.com.tr\/urunler\/wp-json\/wp\/v2\/comments?post=7103"}],"wp:featuredmedia":[{"embeddable":true,"href":"https:\/\/eskamanyedek.com.tr\/urunler\/wp-json\/wp\/v2\/media\/2832"}],"wp:attachment":[{"href":"https:\/\/eskamanyedek.com.tr\/urunler\/wp-json\/wp\/v2\/media?parent=7103"}],"wp:term":[{"taxonomy":"product_brand","embeddable":true,"href":"https:\/\/eskamanyedek.com.tr\/urunler\/wp-json\/wp\/v2\/product_brand?post=7103"},{"taxonomy":"product_cat","embeddable":true,"href":"https:\/\/eskamanyedek.com.tr\/urunler\/wp-json\/wp\/v2\/product_cat?post=7103"},{"taxonomy":"product_tag","embeddable":true,"href":"https:\/\/eskamanyedek.com.tr\/urunler\/wp-json\/wp\/v2\/product_tag?post=7103"}],"curies":[{"name":"wp","href":"https:\/\/api.w.org\/{rel}","templated":true}]}}