{"id":6544,"date":"2025-10-06T17:12:35","date_gmt":"2025-10-06T14:12:35","guid":{"rendered":"https:\/\/eskamanyedek.com.tr\/urunler\/product\/81305600063-debriyaj-catali-man-sl232\/"},"modified":"2025-10-06T17:12:36","modified_gmt":"2025-10-06T14:12:36","slug":"81305600063-debriyaj-catali-man-sl232","status":"publish","type":"product","link":"https:\/\/eskamanyedek.com.tr\/urunler\/product\/81305600063-debriyaj-catali-man-sl232\/","title":{"rendered":"81305600063 Debriyaj \u00c7atal\u0131 MAN SL232"},"content":{"rendered":"<p>Oem No:<strong> 81305600063 <\/strong><\/p>\n<p>   Marka\/Model:<strong>  MAN SL232 <\/strong><\/p>\n<p>   \u00dcr\u00fcn A\u00e7\u0131klamas\u0131:<strong> Debriyaj \u00c7atal\u0131 <\/strong><\/p>\n","protected":false},"excerpt":{"rendered":"<p>Oem No:<strong> 81305600063 <\/strong><\/p>\n<p>   Marka\/Model:<strong>  MAN SL232 <\/strong><\/p>\n<p>   \u00dcr\u00fcn A\u00e7\u0131klamas\u0131:<strong> Debriyaj \u00c7atal\u0131 <\/strong><\/p>\n","protected":false},"featured_media":2832,"comment_status":"closed","ping_status":"closed","template":"","meta":[],"product_brand":[],"product_cat":[56],"product_tag":[],"class_list":{"0":"post-6544","1":"product","2":"type-product","3":"status-publish","4":"has-post-thumbnail","6":"product_cat-man","8":"first","9":"instock","10":"featured","11":"shipping-taxable","12":"product-type-simple"},"_links":{"self":[{"href":"https:\/\/eskamanyedek.com.tr\/urunler\/wp-json\/wp\/v2\/product\/6544","targetHints":{"allow":["GET"]}}],"collection":[{"href":"https:\/\/eskamanyedek.com.tr\/urunler\/wp-json\/wp\/v2\/product"}],"about":[{"href":"https:\/\/eskamanyedek.com.tr\/urunler\/wp-json\/wp\/v2\/types\/product"}],"replies":[{"embeddable":true,"href":"https:\/\/eskamanyedek.com.tr\/urunler\/wp-json\/wp\/v2\/comments?post=6544"}],"wp:featuredmedia":[{"embeddable":true,"href":"https:\/\/eskamanyedek.com.tr\/urunler\/wp-json\/wp\/v2\/media\/2832"}],"wp:attachment":[{"href":"https:\/\/eskamanyedek.com.tr\/urunler\/wp-json\/wp\/v2\/media?parent=6544"}],"wp:term":[{"taxonomy":"product_brand","embeddable":true,"href":"https:\/\/eskamanyedek.com.tr\/urunler\/wp-json\/wp\/v2\/product_brand?post=6544"},{"taxonomy":"product_cat","embeddable":true,"href":"https:\/\/eskamanyedek.com.tr\/urunler\/wp-json\/wp\/v2\/product_cat?post=6544"},{"taxonomy":"product_tag","embeddable":true,"href":"https:\/\/eskamanyedek.com.tr\/urunler\/wp-json\/wp\/v2\/product_tag?post=6544"}],"curies":[{"name":"wp","href":"https:\/\/api.w.org\/{rel}","templated":true}]}}