{"id":5312,"date":"2025-10-06T17:02:09","date_gmt":"2025-10-06T14:02:09","guid":{"rendered":"https:\/\/eskamanyedek.com.tr\/urunler\/product\/q8226323000-bugi-kolu-mercedes-setra\/"},"modified":"2025-10-06T17:02:10","modified_gmt":"2025-10-06T14:02:10","slug":"q8226323000-bugi-kolu-mercedes-setra","status":"publish","type":"product","link":"https:\/\/eskamanyedek.com.tr\/urunler\/product\/q8226323000-bugi-kolu-mercedes-setra\/","title":{"rendered":"Q8226323000 Bugi Kolu MERCEDES Setra"},"content":{"rendered":"<p>Oem No:<strong> Q8226323000 <\/strong><\/p>\n<p>   Marka\/Model:<strong>  MERCEDES Setra <\/strong><\/p>\n<p>   \u00dcr\u00fcn A\u00e7\u0131klamas\u0131:<strong> Bugi Kolu <\/strong><\/p>\n","protected":false},"excerpt":{"rendered":"<p>Oem No:<strong> Q8226323000 <\/strong><\/p>\n<p>   Marka\/Model:<strong>  MERCEDES Setra <\/strong><\/p>\n<p>   \u00dcr\u00fcn A\u00e7\u0131klamas\u0131:<strong> Bugi Kolu <\/strong><\/p>\n","protected":false},"featured_media":2832,"comment_status":"closed","ping_status":"closed","template":"","meta":[],"product_brand":[],"product_cat":[55],"product_tag":[],"class_list":{"0":"post-5312","1":"product","2":"type-product","3":"status-publish","4":"has-post-thumbnail","6":"product_cat-mercedes","8":"first","9":"instock","10":"featured","11":"shipping-taxable","12":"product-type-simple"},"_links":{"self":[{"href":"https:\/\/eskamanyedek.com.tr\/urunler\/wp-json\/wp\/v2\/product\/5312","targetHints":{"allow":["GET"]}}],"collection":[{"href":"https:\/\/eskamanyedek.com.tr\/urunler\/wp-json\/wp\/v2\/product"}],"about":[{"href":"https:\/\/eskamanyedek.com.tr\/urunler\/wp-json\/wp\/v2\/types\/product"}],"replies":[{"embeddable":true,"href":"https:\/\/eskamanyedek.com.tr\/urunler\/wp-json\/wp\/v2\/comments?post=5312"}],"wp:featuredmedia":[{"embeddable":true,"href":"https:\/\/eskamanyedek.com.tr\/urunler\/wp-json\/wp\/v2\/media\/2832"}],"wp:attachment":[{"href":"https:\/\/eskamanyedek.com.tr\/urunler\/wp-json\/wp\/v2\/media?parent=5312"}],"wp:term":[{"taxonomy":"product_brand","embeddable":true,"href":"https:\/\/eskamanyedek.com.tr\/urunler\/wp-json\/wp\/v2\/product_brand?post=5312"},{"taxonomy":"product_cat","embeddable":true,"href":"https:\/\/eskamanyedek.com.tr\/urunler\/wp-json\/wp\/v2\/product_cat?post=5312"},{"taxonomy":"product_tag","embeddable":true,"href":"https:\/\/eskamanyedek.com.tr\/urunler\/wp-json\/wp\/v2\/product_tag?post=5312"}],"curies":[{"name":"wp","href":"https:\/\/api.w.org\/{rel}","templated":true}]}}