{"id":4787,"date":"2025-10-06T16:59:49","date_gmt":"2025-10-06T13:59:49","guid":{"rendered":"https:\/\/eskamanyedek.com.tr\/urunler\/product\/a9615001072-adblue-geri-donus-hortumu-mercedes-actros-arocs\/"},"modified":"2025-10-06T16:59:49","modified_gmt":"2025-10-06T13:59:49","slug":"a9615001072-adblue-geri-donus-hortumu-mercedes-actros-arocs","status":"publish","type":"product","link":"https:\/\/eskamanyedek.com.tr\/urunler\/product\/a9615001072-adblue-geri-donus-hortumu-mercedes-actros-arocs\/","title":{"rendered":"A9615001072 Adblue Geri D\u00f6n\u00fc\u015f Hortumu MERCEDES Actros-Arocs"},"content":{"rendered":"<p>Oem No:<strong> A9615001072 <\/strong><\/p>\n<p>   Marka\/Model:<strong>  MERCEDES Actros-Arocs <\/strong><\/p>\n<p>   \u00dcr\u00fcn A\u00e7\u0131klamas\u0131:<strong> Adblue Geri D\u00f6n\u00fc\u015f Hortumu <\/strong><\/p>\n","protected":false},"excerpt":{"rendered":"<p>Oem No:<strong> A9615001072 <\/strong><\/p>\n<p>   Marka\/Model:<strong>  MERCEDES Actros-Arocs <\/strong><\/p>\n<p>   \u00dcr\u00fcn A\u00e7\u0131klamas\u0131:<strong> Adblue Geri D\u00f6n\u00fc\u015f Hortumu <\/strong><\/p>\n","protected":false},"featured_media":2832,"comment_status":"closed","ping_status":"closed","template":"","meta":[],"product_brand":[],"product_cat":[55],"product_tag":[],"class_list":{"0":"post-4787","1":"product","2":"type-product","3":"status-publish","4":"has-post-thumbnail","6":"product_cat-mercedes","8":"first","9":"instock","10":"featured","11":"shipping-taxable","12":"product-type-simple"},"_links":{"self":[{"href":"https:\/\/eskamanyedek.com.tr\/urunler\/wp-json\/wp\/v2\/product\/4787","targetHints":{"allow":["GET"]}}],"collection":[{"href":"https:\/\/eskamanyedek.com.tr\/urunler\/wp-json\/wp\/v2\/product"}],"about":[{"href":"https:\/\/eskamanyedek.com.tr\/urunler\/wp-json\/wp\/v2\/types\/product"}],"replies":[{"embeddable":true,"href":"https:\/\/eskamanyedek.com.tr\/urunler\/wp-json\/wp\/v2\/comments?post=4787"}],"wp:featuredmedia":[{"embeddable":true,"href":"https:\/\/eskamanyedek.com.tr\/urunler\/wp-json\/wp\/v2\/media\/2832"}],"wp:attachment":[{"href":"https:\/\/eskamanyedek.com.tr\/urunler\/wp-json\/wp\/v2\/media?parent=4787"}],"wp:term":[{"taxonomy":"product_brand","embeddable":true,"href":"https:\/\/eskamanyedek.com.tr\/urunler\/wp-json\/wp\/v2\/product_brand?post=4787"},{"taxonomy":"product_cat","embeddable":true,"href":"https:\/\/eskamanyedek.com.tr\/urunler\/wp-json\/wp\/v2\/product_cat?post=4787"},{"taxonomy":"product_tag","embeddable":true,"href":"https:\/\/eskamanyedek.com.tr\/urunler\/wp-json\/wp\/v2\/product_tag?post=4787"}],"curies":[{"name":"wp","href":"https:\/\/api.w.org\/{rel}","templated":true}]}}