{"id":4548,"date":"2025-10-06T16:58:39","date_gmt":"2025-10-06T13:58:39","guid":{"rendered":"https:\/\/eskamanyedek.com.tr\/urunler\/product\/a9622411213-motor-takozu-mercedes-actros-arocs\/"},"modified":"2025-10-06T16:58:39","modified_gmt":"2025-10-06T13:58:39","slug":"a9622411213-motor-takozu-mercedes-actros-arocs","status":"publish","type":"product","link":"https:\/\/eskamanyedek.com.tr\/urunler\/product\/a9622411213-motor-takozu-mercedes-actros-arocs\/","title":{"rendered":"A9622411213 Motor Takozu MERCEDES Actros-Arocs"},"content":{"rendered":"<p>Oem No:<strong> A9622411213 <\/strong><\/p>\n<p>   Marka\/Model:<strong>  MERCEDES Actros-Arocs <\/strong><\/p>\n<p>   \u00dcr\u00fcn A\u00e7\u0131klamas\u0131:<strong> Motor Takozu <\/strong><\/p>\n","protected":false},"excerpt":{"rendered":"<p>Oem No:<strong> A9622411213 <\/strong><\/p>\n<p>   Marka\/Model:<strong>  MERCEDES Actros-Arocs <\/strong><\/p>\n<p>   \u00dcr\u00fcn A\u00e7\u0131klamas\u0131:<strong> Motor Takozu <\/strong><\/p>\n","protected":false},"featured_media":2832,"comment_status":"closed","ping_status":"closed","template":"","meta":[],"product_brand":[],"product_cat":[55],"product_tag":[],"class_list":{"0":"post-4548","1":"product","2":"type-product","3":"status-publish","4":"has-post-thumbnail","6":"product_cat-mercedes","8":"first","9":"instock","10":"featured","11":"shipping-taxable","12":"product-type-simple"},"_links":{"self":[{"href":"https:\/\/eskamanyedek.com.tr\/urunler\/wp-json\/wp\/v2\/product\/4548","targetHints":{"allow":["GET"]}}],"collection":[{"href":"https:\/\/eskamanyedek.com.tr\/urunler\/wp-json\/wp\/v2\/product"}],"about":[{"href":"https:\/\/eskamanyedek.com.tr\/urunler\/wp-json\/wp\/v2\/types\/product"}],"replies":[{"embeddable":true,"href":"https:\/\/eskamanyedek.com.tr\/urunler\/wp-json\/wp\/v2\/comments?post=4548"}],"wp:featuredmedia":[{"embeddable":true,"href":"https:\/\/eskamanyedek.com.tr\/urunler\/wp-json\/wp\/v2\/media\/2832"}],"wp:attachment":[{"href":"https:\/\/eskamanyedek.com.tr\/urunler\/wp-json\/wp\/v2\/media?parent=4548"}],"wp:term":[{"taxonomy":"product_brand","embeddable":true,"href":"https:\/\/eskamanyedek.com.tr\/urunler\/wp-json\/wp\/v2\/product_brand?post=4548"},{"taxonomy":"product_cat","embeddable":true,"href":"https:\/\/eskamanyedek.com.tr\/urunler\/wp-json\/wp\/v2\/product_cat?post=4548"},{"taxonomy":"product_tag","embeddable":true,"href":"https:\/\/eskamanyedek.com.tr\/urunler\/wp-json\/wp\/v2\/product_tag?post=4548"}],"curies":[{"name":"wp","href":"https:\/\/api.w.org\/{rel}","templated":true}]}}