{"id":4192,"date":"2025-10-06T16:57:06","date_gmt":"2025-10-06T13:57:06","guid":{"rendered":"https:\/\/eskamanyedek.com.tr\/urunler\/product\/a0004661367-drk-yag-kabi-sensoru-mercedes-actros-axor\/"},"modified":"2025-10-06T16:57:06","modified_gmt":"2025-10-06T13:57:06","slug":"a0004661367-drk-yag-kabi-sensoru-mercedes-actros-axor","status":"publish","type":"product","link":"https:\/\/eskamanyedek.com.tr\/urunler\/product\/a0004661367-drk-yag-kabi-sensoru-mercedes-actros-axor\/","title":{"rendered":"A0004661367 Drk Ya\u011f Kab\u0131 Sens\u00f6r\u00fc MERCEDES Actros-Axor"},"content":{"rendered":"<p>Oem No:<strong> A0004661367 <\/strong><\/p>\n<p>   Marka\/Model:<strong>  MERCEDES Actros-Axor <\/strong><\/p>\n<p>   \u00dcr\u00fcn A\u00e7\u0131klamas\u0131:<strong> Drk Ya\u011f Kab\u0131 Sens\u00f6r\u00fc <\/strong><\/p>\n","protected":false},"excerpt":{"rendered":"<p>Oem No:<strong> A0004661367 <\/strong><\/p>\n<p>   Marka\/Model:<strong>  MERCEDES Actros-Axor <\/strong><\/p>\n<p>   \u00dcr\u00fcn A\u00e7\u0131klamas\u0131:<strong> Drk Ya\u011f Kab\u0131 Sens\u00f6r\u00fc <\/strong><\/p>\n","protected":false},"featured_media":2832,"comment_status":"closed","ping_status":"closed","template":"","meta":[],"product_brand":[],"product_cat":[55],"product_tag":[],"class_list":{"0":"post-4192","1":"product","2":"type-product","3":"status-publish","4":"has-post-thumbnail","6":"product_cat-mercedes","8":"first","9":"instock","10":"featured","11":"shipping-taxable","12":"product-type-simple"},"_links":{"self":[{"href":"https:\/\/eskamanyedek.com.tr\/urunler\/wp-json\/wp\/v2\/product\/4192","targetHints":{"allow":["GET"]}}],"collection":[{"href":"https:\/\/eskamanyedek.com.tr\/urunler\/wp-json\/wp\/v2\/product"}],"about":[{"href":"https:\/\/eskamanyedek.com.tr\/urunler\/wp-json\/wp\/v2\/types\/product"}],"replies":[{"embeddable":true,"href":"https:\/\/eskamanyedek.com.tr\/urunler\/wp-json\/wp\/v2\/comments?post=4192"}],"wp:featuredmedia":[{"embeddable":true,"href":"https:\/\/eskamanyedek.com.tr\/urunler\/wp-json\/wp\/v2\/media\/2832"}],"wp:attachment":[{"href":"https:\/\/eskamanyedek.com.tr\/urunler\/wp-json\/wp\/v2\/media?parent=4192"}],"wp:term":[{"taxonomy":"product_brand","embeddable":true,"href":"https:\/\/eskamanyedek.com.tr\/urunler\/wp-json\/wp\/v2\/product_brand?post=4192"},{"taxonomy":"product_cat","embeddable":true,"href":"https:\/\/eskamanyedek.com.tr\/urunler\/wp-json\/wp\/v2\/product_cat?post=4192"},{"taxonomy":"product_tag","embeddable":true,"href":"https:\/\/eskamanyedek.com.tr\/urunler\/wp-json\/wp\/v2\/product_tag?post=4192"}],"curies":[{"name":"wp","href":"https:\/\/api.w.org\/{rel}","templated":true}]}}