{"id":3992,"date":"2025-10-06T16:56:18","date_gmt":"2025-10-06T13:56:18","guid":{"rendered":"https:\/\/eskamanyedek.com.tr\/urunler\/product\/a9405533982-kabin-lift-hortumu-mercedes-axor-kamyon\/"},"modified":"2025-10-06T16:56:18","modified_gmt":"2025-10-06T13:56:18","slug":"a9405533982-kabin-lift-hortumu-mercedes-axor-kamyon","status":"publish","type":"product","link":"https:\/\/eskamanyedek.com.tr\/urunler\/product\/a9405533982-kabin-lift-hortumu-mercedes-axor-kamyon\/","title":{"rendered":"A9405533982 Kabin Lift Hortumu MERCEDES Axor-Kamyon"},"content":{"rendered":"<p>Oem No:<strong> A9405533982 <\/strong><\/p>\n<p>   Marka\/Model:<strong>  MERCEDES Axor-Kamyon <\/strong><\/p>\n<p>   \u00dcr\u00fcn A\u00e7\u0131klamas\u0131:<strong> Kabin Lift Hortumu <\/strong><\/p>\n","protected":false},"excerpt":{"rendered":"<p>Oem No:<strong> A9405533982 <\/strong><\/p>\n<p>   Marka\/Model:<strong>  MERCEDES Axor-Kamyon <\/strong><\/p>\n<p>   \u00dcr\u00fcn A\u00e7\u0131klamas\u0131:<strong> Kabin Lift Hortumu <\/strong><\/p>\n","protected":false},"featured_media":2832,"comment_status":"closed","ping_status":"closed","template":"","meta":[],"product_brand":[],"product_cat":[55],"product_tag":[],"class_list":{"0":"post-3992","1":"product","2":"type-product","3":"status-publish","4":"has-post-thumbnail","6":"product_cat-mercedes","8":"first","9":"instock","10":"featured","11":"shipping-taxable","12":"product-type-simple"},"_links":{"self":[{"href":"https:\/\/eskamanyedek.com.tr\/urunler\/wp-json\/wp\/v2\/product\/3992","targetHints":{"allow":["GET"]}}],"collection":[{"href":"https:\/\/eskamanyedek.com.tr\/urunler\/wp-json\/wp\/v2\/product"}],"about":[{"href":"https:\/\/eskamanyedek.com.tr\/urunler\/wp-json\/wp\/v2\/types\/product"}],"replies":[{"embeddable":true,"href":"https:\/\/eskamanyedek.com.tr\/urunler\/wp-json\/wp\/v2\/comments?post=3992"}],"wp:featuredmedia":[{"embeddable":true,"href":"https:\/\/eskamanyedek.com.tr\/urunler\/wp-json\/wp\/v2\/media\/2832"}],"wp:attachment":[{"href":"https:\/\/eskamanyedek.com.tr\/urunler\/wp-json\/wp\/v2\/media?parent=3992"}],"wp:term":[{"taxonomy":"product_brand","embeddable":true,"href":"https:\/\/eskamanyedek.com.tr\/urunler\/wp-json\/wp\/v2\/product_brand?post=3992"},{"taxonomy":"product_cat","embeddable":true,"href":"https:\/\/eskamanyedek.com.tr\/urunler\/wp-json\/wp\/v2\/product_cat?post=3992"},{"taxonomy":"product_tag","embeddable":true,"href":"https:\/\/eskamanyedek.com.tr\/urunler\/wp-json\/wp\/v2\/product_tag?post=3992"}],"curies":[{"name":"wp","href":"https:\/\/api.w.org\/{rel}","templated":true}]}}