{"id":3962,"date":"2025-10-06T16:56:12","date_gmt":"2025-10-06T13:56:12","guid":{"rendered":"https:\/\/eskamanyedek.com.tr\/urunler\/product\/a0019972752-drk-yag-hortumu-mercedes-actros-2521\/"},"modified":"2025-10-06T16:56:12","modified_gmt":"2025-10-06T13:56:12","slug":"a0019972752-drk-yag-hortumu-mercedes-actros-2521","status":"publish","type":"product","link":"https:\/\/eskamanyedek.com.tr\/urunler\/product\/a0019972752-drk-yag-hortumu-mercedes-actros-2521\/","title":{"rendered":"A0019972752 Drk Ya\u011f Hortumu MERCEDES Actros-2521"},"content":{"rendered":"<p>Oem No:<strong> A0019972752 <\/strong><\/p>\n<p>   Marka\/Model:<strong>  MERCEDES Actros-2521 <\/strong><\/p>\n<p>   \u00dcr\u00fcn A\u00e7\u0131klamas\u0131:<strong> Drk Ya\u011f Hortumu <\/strong><\/p>\n","protected":false},"excerpt":{"rendered":"<p>Oem No:<strong> A0019972752 <\/strong><\/p>\n<p>   Marka\/Model:<strong>  MERCEDES Actros-2521 <\/strong><\/p>\n<p>   \u00dcr\u00fcn A\u00e7\u0131klamas\u0131:<strong> Drk Ya\u011f Hortumu <\/strong><\/p>\n","protected":false},"featured_media":2832,"comment_status":"closed","ping_status":"closed","template":"","meta":[],"product_brand":[],"product_cat":[55],"product_tag":[],"class_list":{"0":"post-3962","1":"product","2":"type-product","3":"status-publish","4":"has-post-thumbnail","6":"product_cat-mercedes","8":"first","9":"instock","10":"featured","11":"shipping-taxable","12":"product-type-simple"},"_links":{"self":[{"href":"https:\/\/eskamanyedek.com.tr\/urunler\/wp-json\/wp\/v2\/product\/3962","targetHints":{"allow":["GET"]}}],"collection":[{"href":"https:\/\/eskamanyedek.com.tr\/urunler\/wp-json\/wp\/v2\/product"}],"about":[{"href":"https:\/\/eskamanyedek.com.tr\/urunler\/wp-json\/wp\/v2\/types\/product"}],"replies":[{"embeddable":true,"href":"https:\/\/eskamanyedek.com.tr\/urunler\/wp-json\/wp\/v2\/comments?post=3962"}],"wp:featuredmedia":[{"embeddable":true,"href":"https:\/\/eskamanyedek.com.tr\/urunler\/wp-json\/wp\/v2\/media\/2832"}],"wp:attachment":[{"href":"https:\/\/eskamanyedek.com.tr\/urunler\/wp-json\/wp\/v2\/media?parent=3962"}],"wp:term":[{"taxonomy":"product_brand","embeddable":true,"href":"https:\/\/eskamanyedek.com.tr\/urunler\/wp-json\/wp\/v2\/product_brand?post=3962"},{"taxonomy":"product_cat","embeddable":true,"href":"https:\/\/eskamanyedek.com.tr\/urunler\/wp-json\/wp\/v2\/product_cat?post=3962"},{"taxonomy":"product_tag","embeddable":true,"href":"https:\/\/eskamanyedek.com.tr\/urunler\/wp-json\/wp\/v2\/product_tag?post=3962"}],"curies":[{"name":"wp","href":"https:\/\/api.w.org\/{rel}","templated":true}]}}