{"id":3794,"date":"2025-10-06T16:55:26","date_gmt":"2025-10-06T13:55:26","guid":{"rendered":"https:\/\/eskamanyedek.com.tr\/urunler\/product\/a3833200084-besik-kutuk-kapagi-mercedes-3224\/"},"modified":"2025-10-06T16:55:27","modified_gmt":"2025-10-06T13:55:27","slug":"a3833200084-besik-kutuk-kapagi-mercedes-3224","status":"publish","type":"product","link":"https:\/\/eskamanyedek.com.tr\/urunler\/product\/a3833200084-besik-kutuk-kapagi-mercedes-3224\/","title":{"rendered":"A3833200084 Be\u015fik K\u00fct\u00fck Kapa\u011f\u0131 MERCEDES 3224"},"content":{"rendered":"<p>Oem No:<strong> A3833200084 <\/strong><\/p>\n<p>   Marka\/Model:<strong>  MERCEDES 3224 <\/strong><\/p>\n<p>   \u00dcr\u00fcn A\u00e7\u0131klamas\u0131:<strong> Be\u015fik K\u00fct\u00fck Kapa\u011f\u0131 <\/strong><\/p>\n","protected":false},"excerpt":{"rendered":"<p>Oem No:<strong> A3833200084 <\/strong><\/p>\n<p>   Marka\/Model:<strong>  MERCEDES 3224 <\/strong><\/p>\n<p>   \u00dcr\u00fcn A\u00e7\u0131klamas\u0131:<strong> Be\u015fik K\u00fct\u00fck Kapa\u011f\u0131 <\/strong><\/p>\n","protected":false},"featured_media":2832,"comment_status":"closed","ping_status":"closed","template":"","meta":[],"product_brand":[],"product_cat":[55],"product_tag":[],"class_list":{"0":"post-3794","1":"product","2":"type-product","3":"status-publish","4":"has-post-thumbnail","6":"product_cat-mercedes","8":"first","9":"instock","10":"featured","11":"shipping-taxable","12":"product-type-simple"},"_links":{"self":[{"href":"https:\/\/eskamanyedek.com.tr\/urunler\/wp-json\/wp\/v2\/product\/3794","targetHints":{"allow":["GET"]}}],"collection":[{"href":"https:\/\/eskamanyedek.com.tr\/urunler\/wp-json\/wp\/v2\/product"}],"about":[{"href":"https:\/\/eskamanyedek.com.tr\/urunler\/wp-json\/wp\/v2\/types\/product"}],"replies":[{"embeddable":true,"href":"https:\/\/eskamanyedek.com.tr\/urunler\/wp-json\/wp\/v2\/comments?post=3794"}],"wp:featuredmedia":[{"embeddable":true,"href":"https:\/\/eskamanyedek.com.tr\/urunler\/wp-json\/wp\/v2\/media\/2832"}],"wp:attachment":[{"href":"https:\/\/eskamanyedek.com.tr\/urunler\/wp-json\/wp\/v2\/media?parent=3794"}],"wp:term":[{"taxonomy":"product_brand","embeddable":true,"href":"https:\/\/eskamanyedek.com.tr\/urunler\/wp-json\/wp\/v2\/product_brand?post=3794"},{"taxonomy":"product_cat","embeddable":true,"href":"https:\/\/eskamanyedek.com.tr\/urunler\/wp-json\/wp\/v2\/product_cat?post=3794"},{"taxonomy":"product_tag","embeddable":true,"href":"https:\/\/eskamanyedek.com.tr\/urunler\/wp-json\/wp\/v2\/product_tag?post=3794"}],"curies":[{"name":"wp","href":"https:\/\/api.w.org\/{rel}","templated":true}]}}