{"id":3587,"date":"2025-10-06T16:54:45","date_gmt":"2025-10-06T13:54:45","guid":{"rendered":"https:\/\/eskamanyedek.com.tr\/urunler\/product\/a0029975452-interkol-hortumu-mercedes-setra-travego\/"},"modified":"2025-10-06T16:54:45","modified_gmt":"2025-10-06T13:54:45","slug":"a0029975452-interkol-hortumu-mercedes-setra-travego","status":"publish","type":"product","link":"https:\/\/eskamanyedek.com.tr\/urunler\/product\/a0029975452-interkol-hortumu-mercedes-setra-travego\/","title":{"rendered":"A0029975452 \u0130nterkol Hortumu MERCEDES Setra-Travego"},"content":{"rendered":"<p>Oem No:<strong> A0029975452 <\/strong><\/p>\n<p>   Marka\/Model:<strong>  MERCEDES Setra-Travego <\/strong><\/p>\n<p>   \u00dcr\u00fcn A\u00e7\u0131klamas\u0131:<strong> \u0130nterkol Hortumu <\/strong><\/p>\n","protected":false},"excerpt":{"rendered":"<p>Oem No:<strong> A0029975452 <\/strong><\/p>\n<p>   Marka\/Model:<strong>  MERCEDES Setra-Travego <\/strong><\/p>\n<p>   \u00dcr\u00fcn A\u00e7\u0131klamas\u0131:<strong> \u0130nterkol Hortumu <\/strong><\/p>\n","protected":false},"featured_media":2832,"comment_status":"closed","ping_status":"closed","template":"","meta":[],"product_brand":[],"product_cat":[55],"product_tag":[],"class_list":{"0":"post-3587","1":"product","2":"type-product","3":"status-publish","4":"has-post-thumbnail","6":"product_cat-mercedes","8":"first","9":"instock","10":"featured","11":"shipping-taxable","12":"product-type-simple"},"_links":{"self":[{"href":"https:\/\/eskamanyedek.com.tr\/urunler\/wp-json\/wp\/v2\/product\/3587","targetHints":{"allow":["GET"]}}],"collection":[{"href":"https:\/\/eskamanyedek.com.tr\/urunler\/wp-json\/wp\/v2\/product"}],"about":[{"href":"https:\/\/eskamanyedek.com.tr\/urunler\/wp-json\/wp\/v2\/types\/product"}],"replies":[{"embeddable":true,"href":"https:\/\/eskamanyedek.com.tr\/urunler\/wp-json\/wp\/v2\/comments?post=3587"}],"wp:featuredmedia":[{"embeddable":true,"href":"https:\/\/eskamanyedek.com.tr\/urunler\/wp-json\/wp\/v2\/media\/2832"}],"wp:attachment":[{"href":"https:\/\/eskamanyedek.com.tr\/urunler\/wp-json\/wp\/v2\/media?parent=3587"}],"wp:term":[{"taxonomy":"product_brand","embeddable":true,"href":"https:\/\/eskamanyedek.com.tr\/urunler\/wp-json\/wp\/v2\/product_brand?post=3587"},{"taxonomy":"product_cat","embeddable":true,"href":"https:\/\/eskamanyedek.com.tr\/urunler\/wp-json\/wp\/v2\/product_cat?post=3587"},{"taxonomy":"product_tag","embeddable":true,"href":"https:\/\/eskamanyedek.com.tr\/urunler\/wp-json\/wp\/v2\/product_tag?post=3587"}],"curies":[{"name":"wp","href":"https:\/\/api.w.org\/{rel}","templated":true}]}}