{"id":11565,"date":"2025-10-06T18:00:03","date_gmt":"2025-10-06T15:00:03","guid":{"rendered":"https:\/\/eskamanyedek.com.tr\/urunler\/product\/2200142-retarder-tm-tk-scania-r-p-g-seri-2\/"},"modified":"2025-10-06T18:00:03","modified_gmt":"2025-10-06T15:00:03","slug":"2200142-retarder-tm-tk-scania-r-p-g-seri-2","status":"publish","type":"product","link":"https:\/\/eskamanyedek.com.tr\/urunler\/product\/2200142-retarder-tm-tk-scania-r-p-g-seri-2\/","title":{"rendered":"2200142 Retarder Tm.Tk. SCANIA R\/P\/G-Seri"},"content":{"rendered":"<p>Oem No:<strong> 2200142 <\/strong><\/p>\n<p>   Marka\/Model:<strong>  SCANIA R\/P\/G-Seri <\/strong><\/p>\n<p>   \u00dcr\u00fcn A\u00e7\u0131klamas\u0131:<strong> Retarder Tm.Tk. <\/strong><\/p>\n","protected":false},"excerpt":{"rendered":"<p>Oem No:<strong> 2200142 <\/strong><\/p>\n<p>   Marka\/Model:<strong>  SCANIA R\/P\/G-Seri <\/strong><\/p>\n<p>   \u00dcr\u00fcn A\u00e7\u0131klamas\u0131:<strong> Retarder Tm.Tk. <\/strong><\/p>\n","protected":false},"featured_media":2832,"comment_status":"closed","ping_status":"closed","template":"","meta":[],"product_brand":[],"product_cat":[58],"product_tag":[],"class_list":{"0":"post-11565","1":"product","2":"type-product","3":"status-publish","4":"has-post-thumbnail","6":"product_cat-scania","8":"first","9":"instock","10":"featured","11":"shipping-taxable","12":"product-type-simple"},"_links":{"self":[{"href":"https:\/\/eskamanyedek.com.tr\/urunler\/wp-json\/wp\/v2\/product\/11565","targetHints":{"allow":["GET"]}}],"collection":[{"href":"https:\/\/eskamanyedek.com.tr\/urunler\/wp-json\/wp\/v2\/product"}],"about":[{"href":"https:\/\/eskamanyedek.com.tr\/urunler\/wp-json\/wp\/v2\/types\/product"}],"replies":[{"embeddable":true,"href":"https:\/\/eskamanyedek.com.tr\/urunler\/wp-json\/wp\/v2\/comments?post=11565"}],"wp:featuredmedia":[{"embeddable":true,"href":"https:\/\/eskamanyedek.com.tr\/urunler\/wp-json\/wp\/v2\/media\/2832"}],"wp:attachment":[{"href":"https:\/\/eskamanyedek.com.tr\/urunler\/wp-json\/wp\/v2\/media?parent=11565"}],"wp:term":[{"taxonomy":"product_brand","embeddable":true,"href":"https:\/\/eskamanyedek.com.tr\/urunler\/wp-json\/wp\/v2\/product_brand?post=11565"},{"taxonomy":"product_cat","embeddable":true,"href":"https:\/\/eskamanyedek.com.tr\/urunler\/wp-json\/wp\/v2\/product_cat?post=11565"},{"taxonomy":"product_tag","embeddable":true,"href":"https:\/\/eskamanyedek.com.tr\/urunler\/wp-json\/wp\/v2\/product_tag?post=11565"}],"curies":[{"name":"wp","href":"https:\/\/api.w.org\/{rel}","templated":true}]}}