{"id":11290,"date":"2025-10-06T17:58:48","date_gmt":"2025-10-06T14:58:48","guid":{"rendered":"https:\/\/eskamanyedek.com.tr\/urunler\/product\/1336634-eksoz-fren-pistonu-scania-4-seri\/"},"modified":"2025-10-06T17:58:48","modified_gmt":"2025-10-06T14:58:48","slug":"1336634-eksoz-fren-pistonu-scania-4-seri","status":"publish","type":"product","link":"https:\/\/eskamanyedek.com.tr\/urunler\/product\/1336634-eksoz-fren-pistonu-scania-4-seri\/","title":{"rendered":"1336634 Eksoz Fren Pistonu SCANIA 4-Seri"},"content":{"rendered":"<p>Oem No:<strong> 1336634 <\/strong><\/p>\n<p>   Marka\/Model:<strong>  SCANIA 4-Seri <\/strong><\/p>\n<p>   \u00dcr\u00fcn A\u00e7\u0131klamas\u0131:<strong> Eksoz Fren Pistonu <\/strong><\/p>\n","protected":false},"excerpt":{"rendered":"<p>Oem No:<strong> 1336634 <\/strong><\/p>\n<p>   Marka\/Model:<strong>  SCANIA 4-Seri <\/strong><\/p>\n<p>   \u00dcr\u00fcn A\u00e7\u0131klamas\u0131:<strong> Eksoz Fren Pistonu <\/strong><\/p>\n","protected":false},"featured_media":2832,"comment_status":"closed","ping_status":"closed","template":"","meta":[],"product_brand":[],"product_cat":[58],"product_tag":[],"class_list":{"0":"post-11290","1":"product","2":"type-product","3":"status-publish","4":"has-post-thumbnail","6":"product_cat-scania","8":"first","9":"instock","10":"featured","11":"shipping-taxable","12":"product-type-simple"},"_links":{"self":[{"href":"https:\/\/eskamanyedek.com.tr\/urunler\/wp-json\/wp\/v2\/product\/11290","targetHints":{"allow":["GET"]}}],"collection":[{"href":"https:\/\/eskamanyedek.com.tr\/urunler\/wp-json\/wp\/v2\/product"}],"about":[{"href":"https:\/\/eskamanyedek.com.tr\/urunler\/wp-json\/wp\/v2\/types\/product"}],"replies":[{"embeddable":true,"href":"https:\/\/eskamanyedek.com.tr\/urunler\/wp-json\/wp\/v2\/comments?post=11290"}],"wp:featuredmedia":[{"embeddable":true,"href":"https:\/\/eskamanyedek.com.tr\/urunler\/wp-json\/wp\/v2\/media\/2832"}],"wp:attachment":[{"href":"https:\/\/eskamanyedek.com.tr\/urunler\/wp-json\/wp\/v2\/media?parent=11290"}],"wp:term":[{"taxonomy":"product_brand","embeddable":true,"href":"https:\/\/eskamanyedek.com.tr\/urunler\/wp-json\/wp\/v2\/product_brand?post=11290"},{"taxonomy":"product_cat","embeddable":true,"href":"https:\/\/eskamanyedek.com.tr\/urunler\/wp-json\/wp\/v2\/product_cat?post=11290"},{"taxonomy":"product_tag","embeddable":true,"href":"https:\/\/eskamanyedek.com.tr\/urunler\/wp-json\/wp\/v2\/product_tag?post=11290"}],"curies":[{"name":"wp","href":"https:\/\/api.w.org\/{rel}","templated":true}]}}