{"id":10622,"date":"2025-10-06T17:55:42","date_gmt":"2025-10-06T14:55:42","guid":{"rendered":"https:\/\/eskamanyedek.com.tr\/urunler\/product\/395641-retarder-hiz-musiri-scania-3-4-seri\/"},"modified":"2025-10-06T17:55:43","modified_gmt":"2025-10-06T14:55:43","slug":"395641-retarder-hiz-musiri-scania-3-4-seri","status":"publish","type":"product","link":"https:\/\/eskamanyedek.com.tr\/urunler\/product\/395641-retarder-hiz-musiri-scania-3-4-seri\/","title":{"rendered":"395641 Retarder H\u0131z M\u00fc\u015firi SCANIA 3-4 Seri"},"content":{"rendered":"<p>Oem No:<strong> 395641 <\/strong><\/p>\n<p>   Marka\/Model:<strong>  SCANIA 3-4 Seri <\/strong><\/p>\n<p>   \u00dcr\u00fcn A\u00e7\u0131klamas\u0131:<strong> Retarder H\u0131z M\u00fc\u015firi <\/strong><\/p>\n","protected":false},"excerpt":{"rendered":"<p>Oem No:<strong> 395641 <\/strong><\/p>\n<p>   Marka\/Model:<strong>  SCANIA 3-4 Seri <\/strong><\/p>\n<p>   \u00dcr\u00fcn A\u00e7\u0131klamas\u0131:<strong> Retarder H\u0131z M\u00fc\u015firi <\/strong><\/p>\n","protected":false},"featured_media":2832,"comment_status":"closed","ping_status":"closed","template":"","meta":[],"product_brand":[],"product_cat":[58],"product_tag":[],"class_list":{"0":"post-10622","1":"product","2":"type-product","3":"status-publish","4":"has-post-thumbnail","6":"product_cat-scania","8":"first","9":"instock","10":"featured","11":"shipping-taxable","12":"product-type-simple"},"_links":{"self":[{"href":"https:\/\/eskamanyedek.com.tr\/urunler\/wp-json\/wp\/v2\/product\/10622","targetHints":{"allow":["GET"]}}],"collection":[{"href":"https:\/\/eskamanyedek.com.tr\/urunler\/wp-json\/wp\/v2\/product"}],"about":[{"href":"https:\/\/eskamanyedek.com.tr\/urunler\/wp-json\/wp\/v2\/types\/product"}],"replies":[{"embeddable":true,"href":"https:\/\/eskamanyedek.com.tr\/urunler\/wp-json\/wp\/v2\/comments?post=10622"}],"wp:featuredmedia":[{"embeddable":true,"href":"https:\/\/eskamanyedek.com.tr\/urunler\/wp-json\/wp\/v2\/media\/2832"}],"wp:attachment":[{"href":"https:\/\/eskamanyedek.com.tr\/urunler\/wp-json\/wp\/v2\/media?parent=10622"}],"wp:term":[{"taxonomy":"product_brand","embeddable":true,"href":"https:\/\/eskamanyedek.com.tr\/urunler\/wp-json\/wp\/v2\/product_brand?post=10622"},{"taxonomy":"product_cat","embeddable":true,"href":"https:\/\/eskamanyedek.com.tr\/urunler\/wp-json\/wp\/v2\/product_cat?post=10622"},{"taxonomy":"product_tag","embeddable":true,"href":"https:\/\/eskamanyedek.com.tr\/urunler\/wp-json\/wp\/v2\/product_tag?post=10622"}],"curies":[{"name":"wp","href":"https:\/\/api.w.org\/{rel}","templated":true}]}}