{"id":10044,"date":"2025-10-06T17:53:25","date_gmt":"2025-10-06T14:53:25","guid":{"rendered":"https:\/\/eskamanyedek.com.tr\/urunler\/product\/2213649-kabin-tm-tk-scania-p-g-r-t\/"},"modified":"2025-10-06T17:53:26","modified_gmt":"2025-10-06T14:53:26","slug":"2213649-kabin-tm-tk-scania-p-g-r-t","status":"publish","type":"product","link":"https:\/\/eskamanyedek.com.tr\/urunler\/product\/2213649-kabin-tm-tk-scania-p-g-r-t\/","title":{"rendered":"2213649 Kabin Tm.Tk. SCANIA P-G-R-T"},"content":{"rendered":"<p>Oem No:<strong> 2213649 <\/strong><\/p>\n<p>   Marka\/Model:<strong>  SCANIA P-G-R-T <\/strong><\/p>\n<p>   \u00dcr\u00fcn A\u00e7\u0131klamas\u0131:<strong> Kabin Tm.Tk. <\/strong><\/p>\n","protected":false},"excerpt":{"rendered":"<p>Oem No:<strong> 2213649 <\/strong><\/p>\n<p>   Marka\/Model:<strong>  SCANIA P-G-R-T <\/strong><\/p>\n<p>   \u00dcr\u00fcn A\u00e7\u0131klamas\u0131:<strong> Kabin Tm.Tk. <\/strong><\/p>\n","protected":false},"featured_media":2832,"comment_status":"closed","ping_status":"closed","template":"","meta":[],"product_brand":[],"product_cat":[58],"product_tag":[],"class_list":{"0":"post-10044","1":"product","2":"type-product","3":"status-publish","4":"has-post-thumbnail","6":"product_cat-scania","8":"first","9":"instock","10":"featured","11":"shipping-taxable","12":"product-type-simple"},"_links":{"self":[{"href":"https:\/\/eskamanyedek.com.tr\/urunler\/wp-json\/wp\/v2\/product\/10044","targetHints":{"allow":["GET"]}}],"collection":[{"href":"https:\/\/eskamanyedek.com.tr\/urunler\/wp-json\/wp\/v2\/product"}],"about":[{"href":"https:\/\/eskamanyedek.com.tr\/urunler\/wp-json\/wp\/v2\/types\/product"}],"replies":[{"embeddable":true,"href":"https:\/\/eskamanyedek.com.tr\/urunler\/wp-json\/wp\/v2\/comments?post=10044"}],"wp:featuredmedia":[{"embeddable":true,"href":"https:\/\/eskamanyedek.com.tr\/urunler\/wp-json\/wp\/v2\/media\/2832"}],"wp:attachment":[{"href":"https:\/\/eskamanyedek.com.tr\/urunler\/wp-json\/wp\/v2\/media?parent=10044"}],"wp:term":[{"taxonomy":"product_brand","embeddable":true,"href":"https:\/\/eskamanyedek.com.tr\/urunler\/wp-json\/wp\/v2\/product_brand?post=10044"},{"taxonomy":"product_cat","embeddable":true,"href":"https:\/\/eskamanyedek.com.tr\/urunler\/wp-json\/wp\/v2\/product_cat?post=10044"},{"taxonomy":"product_tag","embeddable":true,"href":"https:\/\/eskamanyedek.com.tr\/urunler\/wp-json\/wp\/v2\/product_tag?post=10044"}],"curies":[{"name":"wp","href":"https:\/\/api.w.org\/{rel}","templated":true}]}}